{"id":85881,"date":"2021-09-01T17:18:15","date_gmt":"2021-09-01T17:18:15","guid":{"rendered":"https:\/\/lvivimport.com\/catalog\/exchange-and-return\/"},"modified":"2022-02-07T15:44:53","modified_gmt":"2022-02-07T15:44:53","slug":"exchange-and-return","status":"publish","type":"page","link":"https:\/\/lvivimport.com\/cs\/catalog\/exchange-and-return\/","title":{"rendered":"V\u00fdm\u011bna a vr\u00e1cen\u00ed"},"content":{"rendered":"","protected":false},"excerpt":{"rendered":"","protected":false},"author":1,"featured_media":85752,"parent":85844,"menu_order":4,"comment_status":"closed","ping_status":"closed","template":"","meta":{"inline_featured_image":false},"_links":{"self":[{"href":"https:\/\/lvivimport.com\/cs\/wp-json\/wp\/v2\/pages\/85881"}],"collection":[{"href":"https:\/\/lvivimport.com\/cs\/wp-json\/wp\/v2\/pages"}],"about":[{"href":"https:\/\/lvivimport.com\/cs\/wp-json\/wp\/v2\/types\/page"}],"author":[{"embeddable":true,"href":"https:\/\/lvivimport.com\/cs\/wp-json\/wp\/v2\/users\/1"}],"replies":[{"embeddable":true,"href":"https:\/\/lvivimport.com\/cs\/wp-json\/wp\/v2\/comments?post=85881"}],"version-history":[{"count":0,"href":"https:\/\/lvivimport.com\/cs\/wp-json\/wp\/v2\/pages\/85881\/revisions"}],"up":[{"embeddable":true,"href":"https:\/\/lvivimport.com\/cs\/wp-json\/wp\/v2\/pages\/85844"}],"wp:featuredmedia":[{"embeddable":true,"href":"https:\/\/lvivimport.com\/cs\/wp-json\/wp\/v2\/media\/85752"}],"wp:attachment":[{"href":"https:\/\/lvivimport.com\/cs\/wp-json\/wp\/v2\/media?parent=85881"}],"curies":[{"name":"wp","href":"https:\/\/api.w.org\/{rel}","templated":true}]}}