{"id":85862,"date":"2021-09-14T08:40:02","date_gmt":"2021-09-14T08:40:02","guid":{"rendered":"https:\/\/lvivimport.com\/catalog\/cart\/payment-and-delivery\/"},"modified":"2022-02-07T15:44:44","modified_gmt":"2022-02-07T15:44:44","slug":"payment-and-delivery","status":"publish","type":"page","link":"https:\/\/lvivimport.com\/cs\/catalog\/cart\/payment-and-delivery\/","title":{"rendered":"Platba a doru\u010dov\u00e1n\u00ed"},"content":{"rendered":"","protected":false},"excerpt":{"rendered":"","protected":false},"author":1,"featured_media":85752,"parent":85853,"menu_order":0,"comment_status":"closed","ping_status":"closed","template":"","meta":{"inline_featured_image":false},"_links":{"self":[{"href":"https:\/\/lvivimport.com\/cs\/wp-json\/wp\/v2\/pages\/85862"}],"collection":[{"href":"https:\/\/lvivimport.com\/cs\/wp-json\/wp\/v2\/pages"}],"about":[{"href":"https:\/\/lvivimport.com\/cs\/wp-json\/wp\/v2\/types\/page"}],"author":[{"embeddable":true,"href":"https:\/\/lvivimport.com\/cs\/wp-json\/wp\/v2\/users\/1"}],"replies":[{"embeddable":true,"href":"https:\/\/lvivimport.com\/cs\/wp-json\/wp\/v2\/comments?post=85862"}],"version-history":[{"count":0,"href":"https:\/\/lvivimport.com\/cs\/wp-json\/wp\/v2\/pages\/85862\/revisions"}],"up":[{"embeddable":true,"href":"https:\/\/lvivimport.com\/cs\/wp-json\/wp\/v2\/pages\/85853"}],"wp:featuredmedia":[{"embeddable":true,"href":"https:\/\/lvivimport.com\/cs\/wp-json\/wp\/v2\/media\/85752"}],"wp:attachment":[{"href":"https:\/\/lvivimport.com\/cs\/wp-json\/wp\/v2\/media?parent=85862"}],"curies":[{"name":"wp","href":"https:\/\/api.w.org\/{rel}","templated":true}]}}